{"id":94,"date":"2019-12-02T12:41:17","date_gmt":"2019-12-02T16:41:17","guid":{"rendered":"https:\/\/www.guivio.com\/site\/?page_id=94"},"modified":"2019-12-02T12:54:05","modified_gmt":"2019-12-02T16:54:05","slug":"erables-maple","status":"publish","type":"page","link":"https:\/\/www.guivio.com\/site\/erables-maple\/","title":{"rendered":"\u00c9rables \/ Maple"},"content":{"rendered":"\n<p>Repr\u00e9sentant de CDL dans le sud du Nouveau-Brunswick, le nord de la Nouvelle \u00c9cosse et l&rsquo;Ile du Prince \u00c9douard. \u00a0Si vous cherchez de l&rsquo;\u00e9quipement d&rsquo;\u00e9rabli\u00e8re, SVP rejoindre Eric Hach\u00e9 au (506) 381-0855 ou par courriel au eric@guivio.com.<\/p>\n<p>Represents CDL in southern New-Brunswick, north Nova Scotia and Prince Edouard Island, if you are searching for maple sugaring equipment, please contact Eric Hach\u00e9 at (506) 381-0855 or by email at eric@guivio.com.<\/p>\n","protected":false},"excerpt":{"rendered":"<p>Repr\u00e9sentant de CDL dans le sud du Nouveau-Brunswick, le nord de la Nouvelle \u00c9cosse et l&rsquo;Ile du Prince \u00c9douard. \u00a0Si vous cherchez de l&rsquo;\u00e9quipement d&rsquo;\u00e9rabli\u00e8re, SVP rejoindre Eric Hach\u00e9 au (506) 381-0855 ou par courriel au eric@guivio.com. Represents CDL in &hellip;<\/p>\n<p class=\"read-more\"> <a class=\"more-link\" href=\"https:\/\/www.guivio.com\/site\/erables-maple\/\"> <span class=\"screen-reader-text\">\u00c9rables \/ Maple<\/span> Read More &raquo;<\/a><\/p>\n","protected":false},"author":2,"featured_media":0,"parent":0,"menu_order":4,"comment_status":"closed","ping_status":"closed","template":"","meta":{"footnotes":""},"class_list":["post-94","page","type-page","status-publish","hentry"],"_links":{"self":[{"href":"https:\/\/www.guivio.com\/site\/wp-json\/wp\/v2\/pages\/94","targetHints":{"allow":["GET"]}}],"collection":[{"href":"https:\/\/www.guivio.com\/site\/wp-json\/wp\/v2\/pages"}],"about":[{"href":"https:\/\/www.guivio.com\/site\/wp-json\/wp\/v2\/types\/page"}],"author":[{"embeddable":true,"href":"https:\/\/www.guivio.com\/site\/wp-json\/wp\/v2\/users\/2"}],"replies":[{"embeddable":true,"href":"https:\/\/www.guivio.com\/site\/wp-json\/wp\/v2\/comments?post=94"}],"version-history":[{"count":3,"href":"https:\/\/www.guivio.com\/site\/wp-json\/wp\/v2\/pages\/94\/revisions"}],"predecessor-version":[{"id":98,"href":"https:\/\/www.guivio.com\/site\/wp-json\/wp\/v2\/pages\/94\/revisions\/98"}],"wp:attachment":[{"href":"https:\/\/www.guivio.com\/site\/wp-json\/wp\/v2\/media?parent=94"}],"curies":[{"name":"wp","href":"https:\/\/api.w.org\/{rel}","templated":true}]}}