{"id":92,"date":"2019-12-02T12:39:39","date_gmt":"2019-12-02T16:39:39","guid":{"rendered":"https:\/\/www.guivio.com\/site\/?page_id=92"},"modified":"2019-12-02T12:53:47","modified_gmt":"2019-12-02T16:53:47","slug":"booking-gestion-management","status":"publish","type":"page","link":"https:\/\/www.guivio.com\/site\/booking-gestion-management\/","title":{"rendered":"Booking \/ gestion &#8211; management"},"content":{"rendered":"\n<p>Musique Guivio Music Lt\u00e9e s&rsquo;occupe des groupes La Vir\u00e9e et Tipsy 3. \u00a0Pour informations ou r\u00e9servations, SVP rejoindre<\/p>\n<p>La Vir\u00e9e &#8211; Eric Hach\u00e9, (506) 381-0855, eric@guivio.com<\/p>\n<p>Tipsy 3 &#8211; Jocelyne Bourque, (506) 851-9126, jam@jocelynebourque.com<\/p>\n<p>Musique Guivio Music Lt\u00e9e manages La Vir\u00e9e and Tipsy 3. \u00a0For more information please reach<\/p>\n<p>La Vir\u00e9e &#8211; Eric Hach\u00e9, (506) 381-0855, eric@guivio.com<\/p>\n<p>Tipsy 3 &#8211; Jocelyne Bourque, (506) 851-9126, jam@jocelynebourque.com<\/p>\n","protected":false},"excerpt":{"rendered":"<p>Musique Guivio Music Lt\u00e9e s&rsquo;occupe des groupes La Vir\u00e9e et Tipsy 3. \u00a0Pour informations ou r\u00e9servations, SVP rejoindre La Vir\u00e9e &#8211; Eric Hach\u00e9, (506) 381-0855, eric@guivio.com Tipsy 3 &#8211; Jocelyne Bourque, (506) 851-9126, jam@jocelynebourque.com Musique Guivio Music Lt\u00e9e manages La &hellip;<\/p>\n<p class=\"read-more\"> <a class=\"more-link\" href=\"https:\/\/www.guivio.com\/site\/booking-gestion-management\/\"> <span class=\"screen-reader-text\">Booking \/ gestion &#8211; management<\/span> Read More &raquo;<\/a><\/p>\n","protected":false},"author":2,"featured_media":0,"parent":0,"menu_order":2,"comment_status":"closed","ping_status":"closed","template":"","meta":{"footnotes":""},"class_list":["post-92","page","type-page","status-publish","hentry"],"_links":{"self":[{"href":"https:\/\/www.guivio.com\/site\/wp-json\/wp\/v2\/pages\/92","targetHints":{"allow":["GET"]}}],"collection":[{"href":"https:\/\/www.guivio.com\/site\/wp-json\/wp\/v2\/pages"}],"about":[{"href":"https:\/\/www.guivio.com\/site\/wp-json\/wp\/v2\/types\/page"}],"author":[{"embeddable":true,"href":"https:\/\/www.guivio.com\/site\/wp-json\/wp\/v2\/users\/2"}],"replies":[{"embeddable":true,"href":"https:\/\/www.guivio.com\/site\/wp-json\/wp\/v2\/comments?post=92"}],"version-history":[{"count":1,"href":"https:\/\/www.guivio.com\/site\/wp-json\/wp\/v2\/pages\/92\/revisions"}],"predecessor-version":[{"id":93,"href":"https:\/\/www.guivio.com\/site\/wp-json\/wp\/v2\/pages\/92\/revisions\/93"}],"wp:attachment":[{"href":"https:\/\/www.guivio.com\/site\/wp-json\/wp\/v2\/media?parent=92"}],"curies":[{"name":"wp","href":"https:\/\/api.w.org\/{rel}","templated":true}]}}