{"id":78,"date":"2019-12-02T12:00:08","date_gmt":"2019-12-02T16:00:08","guid":{"rendered":"https:\/\/www.guivio.com\/site\/?page_id=78"},"modified":"2019-12-02T12:53:58","modified_gmt":"2019-12-02T16:53:58","slug":"production","status":"publish","type":"page","link":"https:\/\/www.guivio.com\/site\/production\/","title":{"rendered":"Production"},"content":{"rendered":"\n<p>Eric Hach\u00e9 poss\u00e8de plus de 25 ans d&rsquo;exp\u00e9rience dans la production de spectacles et d&rsquo;\u00e9v\u00e9nements; Direction technique, Direction de production, Direction logistique. \u00a0Pour plus d&rsquo;info ou pour discuter d&rsquo;un projet, contacter Eric au (506) 381-0855.<\/p>\n<p>Eric Hach\u00e9 has more than 25 years of experience in event or show production. For more info or to discuss of a project, please reach Eric at (506) 381-0855.<\/p>\n","protected":false},"excerpt":{"rendered":"<p>Eric Hach\u00e9 poss\u00e8de plus de 25 ans d&rsquo;exp\u00e9rience dans la production de spectacles et d&rsquo;\u00e9v\u00e9nements; Direction technique, Direction de production, Direction logistique. \u00a0Pour plus d&rsquo;info ou pour discuter d&rsquo;un projet, contacter Eric au (506) 381-0855. Eric Hach\u00e9 has more than &hellip;<\/p>\n<p class=\"read-more\"> <a class=\"more-link\" href=\"https:\/\/www.guivio.com\/site\/production\/\"> <span class=\"screen-reader-text\">Production<\/span> Read More &raquo;<\/a><\/p>\n","protected":false},"author":2,"featured_media":0,"parent":0,"menu_order":3,"comment_status":"closed","ping_status":"closed","template":"","meta":{"footnotes":""},"class_list":["post-78","page","type-page","status-publish","hentry"],"_links":{"self":[{"href":"https:\/\/www.guivio.com\/site\/wp-json\/wp\/v2\/pages\/78","targetHints":{"allow":["GET"]}}],"collection":[{"href":"https:\/\/www.guivio.com\/site\/wp-json\/wp\/v2\/pages"}],"about":[{"href":"https:\/\/www.guivio.com\/site\/wp-json\/wp\/v2\/types\/page"}],"author":[{"embeddable":true,"href":"https:\/\/www.guivio.com\/site\/wp-json\/wp\/v2\/users\/2"}],"replies":[{"embeddable":true,"href":"https:\/\/www.guivio.com\/site\/wp-json\/wp\/v2\/comments?post=78"}],"version-history":[{"count":3,"href":"https:\/\/www.guivio.com\/site\/wp-json\/wp\/v2\/pages\/78\/revisions"}],"predecessor-version":[{"id":84,"href":"https:\/\/www.guivio.com\/site\/wp-json\/wp\/v2\/pages\/78\/revisions\/84"}],"wp:attachment":[{"href":"https:\/\/www.guivio.com\/site\/wp-json\/wp\/v2\/media?parent=78"}],"curies":[{"name":"wp","href":"https:\/\/api.w.org\/{rel}","templated":true}]}}