{"id":15,"date":"2012-09-22T15:07:54","date_gmt":"2012-09-22T18:07:54","guid":{"rendered":"http:\/\/www.guivio.com\/site\/?page_id=15"},"modified":"2019-12-02T12:18:54","modified_gmt":"2019-12-02T16:18:54","slug":"accueil-home","status":"publish","type":"page","link":"https:\/\/www.guivio.com\/site\/","title":{"rendered":"Accueil &#8211; Home"},"content":{"rendered":"<h4>Bienvenue sur le site de Musique Guivio Music Lt\u00e9e<\/h4>\n<p>Musique Guivio Music Lt\u00e9e est une compagnie de la r\u00e9gion de Moncton qui se divise en 5 branches;<\/p>\n<ol>\n<li><a href=\"http:\/\/www.jocelynebourque.com\">\u00c9cole de violon et de danse \u00e0 claquettes Jocelyne Bourque<\/a><\/li>\n<li>Booking et gestion des groupes <a href=\"http:\/\/www.laviree.com\">La Vir\u00e9e<\/a> et <a href=\"http:\/\/www.tipsy3.ca\">Tipsy 3<\/a><\/li>\n<li><a href=\"https:\/\/www.guivio.com\/site\/production\/\">Production de spectacle et d&rsquo;\u00e9v\u00e9nement<\/a><\/li>\n<li>Vente et service d&rsquo;\u00e9quipement d&rsquo;\u00e9rabli\u00e8re (<a href=\"https:\/\/www.cdlinc.ca\/fr\/\">CDL<\/a>)<\/li>\n<li><a href=\"https:\/\/www.guivio.com\/site\/magasin-store\/\">Magasin de musique<\/a><\/li>\n<\/ol>\n<h4>Welcome to Musique Guivio Music Lt\u00e9e<\/h4>\n<p>Musique Guivio Music Lt\u00e9e is a company from Moncton, NB divided in 5 branchs;<\/p>\n<ol>\n<li><a href=\"http:\/\/www.jocelynebourque.com\">Jocelyne Bourque fiddle and step dancing school<\/a><\/li>\n<li>Booking and management of the groups\u00a0<a href=\"http:\/\/www.laviree.com\">La Vir\u00e9e<\/a>\u00a0and\u00a0<a href=\"http:\/\/www.tipsy3.ca\">Tipsy 3<\/a><\/li>\n<li><a href=\"https:\/\/www.guivio.com\/site\/production\/\">Show and event production<\/a><\/li>\n<li>Sales and services of maple sugaring equipment (<a href=\"https:\/\/www.cdlinc.ca\/en\/\">CDL<\/a>)<\/li>\n<li><a href=\"https:\/\/www.guivio.com\/site\/magasin-store\/\">Music store<\/a><\/li>\n<\/ol>\n<p style=\"text-align: center;\"><strong>Pour nous rejoindre \/ Contact us<\/strong><br \/>1235, ch Mountain rd, Moncton (Nouveau-Brunswick) E1C 2T4<br \/>Tel : (506) 382-7837 | \u00a0info@guivio.com<\/p>\n<p style=\"text-align: center;\">Eric Hach\u00e9 &#8211; eric@guivio.com &#8211; (506) 381-0855<\/p>\n<p style=\"text-align: center;\">Jocelyne Bourque &#8211; jam@jocelynebourque.com &#8211; (506) 851-9126<\/p>\n\n","protected":false},"excerpt":{"rendered":"<p>Bienvenue sur le site de Musique Guivio Music Lt\u00e9e Musique Guivio Music Lt\u00e9e est une compagnie de la r\u00e9gion de Moncton qui se divise en 5 branches; \u00c9cole de violon et de danse \u00e0 claquettes Jocelyne Bourque Booking et gestion &hellip;<\/p>\n<p class=\"read-more\"> <a class=\"more-link\" href=\"https:\/\/www.guivio.com\/site\/\"> <span class=\"screen-reader-text\">Accueil &#8211; Home<\/span> Read More &raquo;<\/a><\/p>\n","protected":false},"author":2,"featured_media":0,"parent":0,"menu_order":0,"comment_status":"closed","ping_status":"closed","template":"full-width-page.php","meta":{"footnotes":""},"class_list":["post-15","page","type-page","status-publish","hentry"],"_links":{"self":[{"href":"https:\/\/www.guivio.com\/site\/wp-json\/wp\/v2\/pages\/15","targetHints":{"allow":["GET"]}}],"collection":[{"href":"https:\/\/www.guivio.com\/site\/wp-json\/wp\/v2\/pages"}],"about":[{"href":"https:\/\/www.guivio.com\/site\/wp-json\/wp\/v2\/types\/page"}],"author":[{"embeddable":true,"href":"https:\/\/www.guivio.com\/site\/wp-json\/wp\/v2\/users\/2"}],"replies":[{"embeddable":true,"href":"https:\/\/www.guivio.com\/site\/wp-json\/wp\/v2\/comments?post=15"}],"version-history":[{"count":5,"href":"https:\/\/www.guivio.com\/site\/wp-json\/wp\/v2\/pages\/15\/revisions"}],"predecessor-version":[{"id":90,"href":"https:\/\/www.guivio.com\/site\/wp-json\/wp\/v2\/pages\/15\/revisions\/90"}],"wp:attachment":[{"href":"https:\/\/www.guivio.com\/site\/wp-json\/wp\/v2\/media?parent=15"}],"curies":[{"name":"wp","href":"https:\/\/api.w.org\/{rel}","templated":true}]}}